{"id":27,"date":"2016-08-12T15:27:46","date_gmt":"2016-08-12T14:27:46","guid":{"rendered":"http:\/\/artisanvannier.com\/?page_id=27"},"modified":"2020-12-07T16:05:37","modified_gmt":"2020-12-07T15:05:37","slug":"home","status":"publish","type":"page","link":"https:\/\/artisanvannier.com\/","title":{"rendered":"Tressage, Vannerie, la passion"},"content":{"rendered":"<p>Le contact avec la nature, ses mat\u00e9riaux, leur utilisation; des activit\u00e9s manuelles simples, essentielles, \u00e9conomes, activit\u00e9s de nouages,\u00a0 tressage, \u00e0 partir de v\u00e9g\u00e9taux qui nous entourent m&rsquo;a conduit \u00e0 devenir Artisan Vannier. Un <strong>CAP de vannier,<\/strong> a \u00e9t\u00e9 une \u00e9tape de mes exp\u00e9riences par la transmission des techniques acad\u00e9miques par des Meilleurs ouvriers de France mais aussi l&rsquo;attention au d\u00e9tail, et au mieux.<\/p>\n<p style=\"text-align: left;\">Pas de boutique, une pi\u00e8ce dans mon logement, en banlieue Parisienne \u00e0 Itteville en Essonne, \u00cele de France,\u00a0 (entre Evry et \u00c9tampes). Parfois, je me d\u00e9place pour des animations.<\/p>\n<p>Je r\u00e9alise des objets utilitaires, d\u00e9coratifs, des <strong>vanneries traditionnelles<\/strong>, tressages, cr\u00e9ations, et d\u00e9coration de jardins. A la demande, je proc\u00e8de \u00e0 la <strong>restauration<\/strong>, fabrications \u00e0 vos dimensions.<\/p>\n<p><strong>Encadrement &amp; Animation<\/strong> d&rsquo;ateliers de vannerie \/ tressage pour tous niveaux. Intervention en Entreprises &amp; Centres, anniversaires. M\u00e9diation culturelle autour du panier. J&rsquo;aime savoir le pourquoi des choses, le partage et recherche toujours la technique de ce qui est fondamental \u00e0 la civilisation : les sacs, paniers.<\/p>\n<p><strong>Je suis \u00e0 la retraite<\/strong>, je fais toujours, encore des paniers par plaisir, recherche du juste geste, mat\u00e9riau optimal, plaisir de maitriser, transmettre, partager, sauvegarder.<\/p>\n<p>J&rsquo;ai remplac\u00e9 le stress par le slow. Je suis maintenant volontairement lent !<\/p>\n<p>Press\u00e9, allez acheter des panier qui voyagent plus que vous, en mat\u00e9riaux exotiques vernis et coll\u00e9s pour \u00e9viter qu&rsquo;il ne s&rsquo;effondrent, chez IKEA, GIFI et autres importateurs. Vous pourrez apr\u00e8s tout aussi rapidement les jeter au bout de 6 mois.<\/p>\n","protected":false},"excerpt":{"rendered":"<p>Le contact avec la nature, ses mat\u00e9riaux, leur utilisation; des activit\u00e9s manuelles simples, essentielles, \u00e9conomes, activit\u00e9s de nouages,\u00a0 tressage, \u00e0 partir de v\u00e9g\u00e9taux qui nous entourent m&rsquo;a conduit \u00e0 devenir Artisan Vannier. Un CAP de vannier, a \u00e9t\u00e9 une \u00e9tape de mes exp\u00e9riences par la transmission des techniques acad\u00e9miques par des Meilleurs ouvriers de France [&hellip;]<\/p>\n","protected":false},"author":1,"featured_media":0,"parent":0,"menu_order":0,"comment_status":"closed","ping_status":"closed","template":"","meta":[],"_links":{"self":[{"href":"https:\/\/artisanvannier.com\/index.php\/wp-json\/wp\/v2\/pages\/27"}],"collection":[{"href":"https:\/\/artisanvannier.com\/index.php\/wp-json\/wp\/v2\/pages"}],"about":[{"href":"https:\/\/artisanvannier.com\/index.php\/wp-json\/wp\/v2\/types\/page"}],"author":[{"embeddable":true,"href":"https:\/\/artisanvannier.com\/index.php\/wp-json\/wp\/v2\/users\/1"}],"replies":[{"embeddable":true,"href":"https:\/\/artisanvannier.com\/index.php\/wp-json\/wp\/v2\/comments?post=27"}],"version-history":[{"count":38,"href":"https:\/\/artisanvannier.com\/index.php\/wp-json\/wp\/v2\/pages\/27\/revisions"}],"predecessor-version":[{"id":408,"href":"https:\/\/artisanvannier.com\/index.php\/wp-json\/wp\/v2\/pages\/27\/revisions\/408"}],"wp:attachment":[{"href":"https:\/\/artisanvannier.com\/index.php\/wp-json\/wp\/v2\/media?parent=27"}],"curies":[{"name":"wp","href":"https:\/\/api.w.org\/{rel}","templated":true}]}}