{"id":179,"date":"2017-04-26T14:38:59","date_gmt":"2017-04-26T13:38:59","guid":{"rendered":"http:\/\/artisanvannier.com\/?page_id=179"},"modified":"2018-10-31T17:36:23","modified_gmt":"2018-10-31T16:36:23","slug":"stages-ateliers","status":"publish","type":"page","link":"https:\/\/artisanvannier.com\/index.php\/stages-ateliers\/","title":{"rendered":"Stages Ateliers"},"content":{"rendered":"<p>Il existe un journal\u00a0d\u00e9di\u00e9 au suivi des stages, ateliers, formations sur le\u00a0<strong>blog\u00a0<\/strong> <a href=\"http:\/\/lezartscurieux.blogspot.fr\/\" target=\"_blank\" rel=\"noopener\">Ateliers LezArtsCurieux<\/a>\u00a0.<\/p>\n<p>On retrouve une <strong>vue des ateliers<\/strong> pass\u00e9s sur ce site afin de se souvenir de ce qui a \u00e9t\u00e9 r\u00e9alis\u00e9, pr\u00e9ciser \u00e0 posteriori les techniques qui ont g\u00e9n\u00e9r\u00e9 des difficult\u00e9s, et aussi d&rsquo;\u00e9largir le champ des possibles sur les techniques abord\u00e9es.<\/p>\n<p>&nbsp;<\/p>\n","protected":false},"excerpt":{"rendered":"<p>Il existe un journal\u00a0d\u00e9di\u00e9 au suivi des stages, ateliers, formations sur le\u00a0blog\u00a0 Ateliers LezArtsCurieux\u00a0. On retrouve une vue des ateliers pass\u00e9s sur ce site afin de se souvenir de ce qui a \u00e9t\u00e9 r\u00e9alis\u00e9, pr\u00e9ciser \u00e0 posteriori les techniques qui ont g\u00e9n\u00e9r\u00e9 des difficult\u00e9s, et aussi d&rsquo;\u00e9largir le champ des possibles sur les techniques abord\u00e9es. [&hellip;]<\/p>\n","protected":false},"author":1,"featured_media":0,"parent":0,"menu_order":0,"comment_status":"closed","ping_status":"closed","template":"","meta":[],"_links":{"self":[{"href":"https:\/\/artisanvannier.com\/index.php\/wp-json\/wp\/v2\/pages\/179"}],"collection":[{"href":"https:\/\/artisanvannier.com\/index.php\/wp-json\/wp\/v2\/pages"}],"about":[{"href":"https:\/\/artisanvannier.com\/index.php\/wp-json\/wp\/v2\/types\/page"}],"author":[{"embeddable":true,"href":"https:\/\/artisanvannier.com\/index.php\/wp-json\/wp\/v2\/users\/1"}],"replies":[{"embeddable":true,"href":"https:\/\/artisanvannier.com\/index.php\/wp-json\/wp\/v2\/comments?post=179"}],"version-history":[{"count":11,"href":"https:\/\/artisanvannier.com\/index.php\/wp-json\/wp\/v2\/pages\/179\/revisions"}],"predecessor-version":[{"id":366,"href":"https:\/\/artisanvannier.com\/index.php\/wp-json\/wp\/v2\/pages\/179\/revisions\/366"}],"wp:attachment":[{"href":"https:\/\/artisanvannier.com\/index.php\/wp-json\/wp\/v2\/media?parent=179"}],"curies":[{"name":"wp","href":"https:\/\/api.w.org\/{rel}","templated":true}]}}