{"id":177,"date":"2017-04-26T14:38:18","date_gmt":"2017-04-26T13:38:18","guid":{"rendered":"http:\/\/artisanvannier.com\/?page_id=177"},"modified":"2019-01-27T20:24:17","modified_gmt":"2019-01-27T19:24:17","slug":"expositions","status":"publish","type":"page","link":"https:\/\/artisanvannier.com\/index.php\/expositions\/","title":{"rendered":"\u00c9v\u00e8nements"},"content":{"rendered":"<p>28-29 octobre 2017<\/p>\n<p style=\"padding-left: 60px;\">\u00ab\u00a0Saveurs et Gourmandises\u00a0\u00bb \u00e0 Cerny, d\u00e9monstration de vannerie<\/p>\n<p>15 octobre<\/p>\n<p style=\"padding-left: 60px;\">F\u00eate de la pomme la Ferte Alais<\/p>\n<p>14 octobre<\/p>\n<p style=\"padding-left: 60px;\">March\u00e9 aux fleurs, Ballancourt, Animation tressages pour jardin<\/p>\n<p>30-2 septembre-octobre 2017<\/p>\n<p style=\"padding-left: 60px;\">F\u00eate de la Saint-Michel \u00e0 Morangis, Animation de vannerie<\/p>\n<p>17 septembre\u00a02017<\/p>\n<p><img loading=\"lazy\" class=\"alignleft wp-image-328 size-thumbnail\" src=\"http:\/\/artisanvannier.com\/wp-content\/uploads\/2017\/04\/etampes_fete_patrimoine_620_30228-150x150.jpg\" alt=\"\" width=\"150\" height=\"150\" \/><\/p>\n<p>Journ\u00e9es du patrimoine, animation de vannerie &#8211; F\u00eate m\u00e9di\u00e9vale d&rsquo;Etampes.<\/p>\n<p>03 septembre 2017<\/p>\n<p style=\"padding-left: 60px;\">D\u00e9monstration de vannerie \u00e0 Auvers-Saint-Georges (brocante)\u00a0<img loading=\"lazy\" class=\"wp-image-332 size-thumbnail alignright\" src=\"http:\/\/artisanvannier.com\/wp-content\/uploads\/2017\/04\/Auvers-saint-georges-vannerie-2017-e1508701083138-150x150.jpg\" alt=\"\" width=\"150\" height=\"150\" \/><\/p>\n<p>24-25 juin 2017<\/p>\n<p style=\"padding-left: 60px;\">Animation m\u00e9di\u00e9vale Parc Andr\u00e9 Seron (Savigny sur Orge)<\/p>\n<p>3-4 juin 2017<\/p>\n<p style=\"padding-left: 60px;\">Animation de vannerie &#8211; F\u00eate m\u00e9di\u00e9vale de Dourdan.<\/p>\n<p>11-12 mars 2017<\/p>\n<p style=\"padding-left: 60px;\">Animation ateliers de vannerie enfants &#8211; 3\u00e8me \u00e9dition du Printemps des arts \u00e0 Champcueil<\/p>\n<p>22-23 avril\u00a02017<\/p>\n<p style=\"padding-left: 60px;\">\u201cArts &amp; Traditions &#8211; APAM \u201d &#8211; Halle de Milly la foret, animation ateliers de vannerie.<\/p>\n<p>12 et 13 mars 2016<\/p>\n<p style=\"padding-left: 60px;\"><img loading=\"lazy\" class=\"wp-image-331 size-thumbnail alignleft\" src=\"http:\/\/artisanvannier.com\/wp-content\/uploads\/2017\/04\/Champceuil-2016-150x150.jpg\" alt=\"\" width=\"150\" height=\"150\" \/>2\u00e8me \u00e9dition du Printemps des arts \u00e0 Champcueil, animation ateliers de vannerie enfants.<\/p>\n","protected":false},"excerpt":{"rendered":"<p>28-29 octobre 2017 \u00ab\u00a0Saveurs et Gourmandises\u00a0\u00bb \u00e0 Cerny, d\u00e9monstration de vannerie 15 octobre F\u00eate de la pomme la Ferte Alais 14 octobre March\u00e9 aux fleurs, Ballancourt, Animation tressages pour jardin 30-2 septembre-octobre 2017 F\u00eate de la Saint-Michel \u00e0 Morangis, Animation de vannerie 17 septembre\u00a02017 Journ\u00e9es du patrimoine, animation de vannerie &#8211; F\u00eate m\u00e9di\u00e9vale d&rsquo;Etampes. 03 [&hellip;]<\/p>\n","protected":false},"author":1,"featured_media":0,"parent":0,"menu_order":0,"comment_status":"closed","ping_status":"closed","template":"","meta":[],"_links":{"self":[{"href":"https:\/\/artisanvannier.com\/index.php\/wp-json\/wp\/v2\/pages\/177"}],"collection":[{"href":"https:\/\/artisanvannier.com\/index.php\/wp-json\/wp\/v2\/pages"}],"about":[{"href":"https:\/\/artisanvannier.com\/index.php\/wp-json\/wp\/v2\/types\/page"}],"author":[{"embeddable":true,"href":"https:\/\/artisanvannier.com\/index.php\/wp-json\/wp\/v2\/users\/1"}],"replies":[{"embeddable":true,"href":"https:\/\/artisanvannier.com\/index.php\/wp-json\/wp\/v2\/comments?post=177"}],"version-history":[{"count":20,"href":"https:\/\/artisanvannier.com\/index.php\/wp-json\/wp\/v2\/pages\/177\/revisions"}],"predecessor-version":[{"id":372,"href":"https:\/\/artisanvannier.com\/index.php\/wp-json\/wp\/v2\/pages\/177\/revisions\/372"}],"wp:attachment":[{"href":"https:\/\/artisanvannier.com\/index.php\/wp-json\/wp\/v2\/media?parent=177"}],"curies":[{"name":"wp","href":"https:\/\/api.w.org\/{rel}","templated":true}]}}